{"id":46,"date":"2019-12-29T01:46:09","date_gmt":"2019-12-28T23:46:09","guid":{"rendered":"http:\/\/testi.koiratuotteet.fi\/?page_id=46"},"modified":"2024-10-30T14:08:23","modified_gmt":"2024-10-30T12:08:23","slug":"ampumaradat-ja-yhteyshenkilot","status":"publish","type":"page","link":"https:\/\/www.alavus-toysarhy.fi\/?page_id=46","title":{"rendered":"Ampumaradat ja yhteyshenkil\u00f6t"},"content":{"rendered":"<p><strong>Alavuden ampumarata<\/strong><\/p>\n<p style=\"padding-left: 30px;\"><em>Yhteyshenkil\u00f6:<\/em><br \/>\nKeijo Lahdenm\u00e4ki<br \/>\nLampirinne 2 A 6, 63300 Alavus<br \/>\n0400-566692<\/p>\n<p><strong>L\u00e4nsipuolen ampumarata<\/strong><\/p>\n<p style=\"padding-left: 30px;\"><em>Yhteyshenkil\u00f6t:<\/em><br \/>\nHarri Runnakko<br \/>\n0400-775057<\/p>\n<p><strong>T\u00f6ys\u00e4n ampumarata<\/strong><\/p>\n<p style=\"padding-left: 30px;\"><em>Yhteyshenkil\u00f6:<\/em><br \/>\nVeijo Ahola<br \/>\nHolkonkyl\u00e4ntie 44, 63610 Tuuri 040-7306628<\/p>\n<p><!-- <a title=\"Ratavarauslista\" href=\"https:\/\/www.alavus-toysarhy.fi\/wp-content\/uploads\/2022\/04\/RATAVARAUSLISTA-2022.pdf\" target=\"_blank\" rel=\"noopener noreferrer\">Ratavarauslista<\/a>\n<a title=\"Toimintakalenteri\" href=\"https:\/\/www.alavus-toysarhy.fi\/wp-content\/uploads\/2021\/05\/TOIMINTAKALENTERI-2022.pdf\" target=\"_blank\" rel=\"noopener noreferrer\">Toimintakalenteri<\/a>\n<a title=\"Ampumakokeen vastaanottajat\" href=\"https:\/\/www.alavus-toysarhy.fi\/wp-content\/uploads\/2019\/12\/ampumakokeen_vastaanottajat_2016.pdf\" target=\"_blank\" rel=\"noopener noreferrer\">Ampumakokeen vastaanottajat<\/a> --><\/p>\n","protected":false},"excerpt":{"rendered":"<p>Alavuden ampumarata Yhteyshenkil\u00f6: Keijo Lahdenm\u00e4ki Lampirinne 2 A 6, 63300 Alavus 0400-566692 L\u00e4nsipuolen ampumarata Yhteyshenkil\u00f6t: Harri Runnakko 0400-775057 T\u00f6ys\u00e4n ampumarata Yhteyshenkil\u00f6: Veijo Ahola Holkonkyl\u00e4ntie 44, 63610 Tuuri 040-7306628<\/p>\n","protected":false},"author":2,"featured_media":0,"parent":0,"menu_order":0,"comment_status":"closed","ping_status":"closed","template":"","meta":{"ngg_post_thumbnail":0,"footnotes":""},"class_list":["post-46","page","type-page","status-publish","hentry"],"_links":{"self":[{"href":"https:\/\/www.alavus-toysarhy.fi\/index.php?rest_route=\/wp\/v2\/pages\/46","targetHints":{"allow":["GET"]}}],"collection":[{"href":"https:\/\/www.alavus-toysarhy.fi\/index.php?rest_route=\/wp\/v2\/pages"}],"about":[{"href":"https:\/\/www.alavus-toysarhy.fi\/index.php?rest_route=\/wp\/v2\/types\/page"}],"author":[{"embeddable":true,"href":"https:\/\/www.alavus-toysarhy.fi\/index.php?rest_route=\/wp\/v2\/users\/2"}],"replies":[{"embeddable":true,"href":"https:\/\/www.alavus-toysarhy.fi\/index.php?rest_route=%2Fwp%2Fv2%2Fcomments&post=46"}],"version-history":[{"count":7,"href":"https:\/\/www.alavus-toysarhy.fi\/index.php?rest_route=\/wp\/v2\/pages\/46\/revisions"}],"predecessor-version":[{"id":607,"href":"https:\/\/www.alavus-toysarhy.fi\/index.php?rest_route=\/wp\/v2\/pages\/46\/revisions\/607"}],"wp:attachment":[{"href":"https:\/\/www.alavus-toysarhy.fi\/index.php?rest_route=%2Fwp%2Fv2%2Fmedia&parent=46"}],"curies":[{"name":"wp","href":"https:\/\/api.w.org\/{rel}","templated":true}]}}