{"id":54,"date":"2019-12-29T01:51:57","date_gmt":"2019-12-28T23:51:57","guid":{"rendered":"http:\/\/testi.koiratuotteet.fi\/?page_id=54"},"modified":"2026-02-07T11:13:11","modified_gmt":"2026-02-07T09:13:11","slug":"galleria","status":"publish","type":"page","link":"https:\/\/www.alavus-toysarhy.fi\/?page_id=54","title":{"rendered":"Galleria"},"content":{"rendered":"<p><a title=\"Viirien luovutus 2026\" href=\"https:\/\/www.alavus-toysarhy.fi\/?page_id=692\">Viirien luovutus 2026<\/a><\/p>\n<p><a title=\"Riistakamerakuvia\" href=\"https:\/\/www.alavus-toysarhy.fi\/?page_id=201\">Riistakamerakuvia<\/a><\/p>\n<p><a title=\"Mets\u00e4styskuvia\" href=\"https:\/\/www.alavus-toysarhy.fi\/?page_id=204\">Mets\u00e4styskuvia<\/a><\/p>\n<p><a title=\"Muita kuvia\" href=\"https:\/\/www.alavus-toysarhy.fi\/?page_id=60\">Muita kuvia<\/a><\/p>\n<p><a title=\" Sairas hirvilehm\u00e4 T\u00f6ys\u00e4ss\u00e4\" href=\"https:\/\/www.alavus-toysarhy.fi\/?page_id=335\">Sairas hirvilehm\u00e4 T\u00f6ys\u00e4ss\u00e4<\/a><\/p>\n","protected":false},"excerpt":{"rendered":"<p>Viirien luovutus 2026 Riistakamerakuvia Mets\u00e4styskuvia Muita kuvia Sairas hirvilehm\u00e4 T\u00f6ys\u00e4ss\u00e4<\/p>\n","protected":false},"author":2,"featured_media":0,"parent":0,"menu_order":0,"comment_status":"closed","ping_status":"closed","template":"","meta":{"ngg_post_thumbnail":0,"footnotes":""},"class_list":["post-54","page","type-page","status-publish","hentry"],"_links":{"self":[{"href":"https:\/\/www.alavus-toysarhy.fi\/index.php?rest_route=\/wp\/v2\/pages\/54","targetHints":{"allow":["GET"]}}],"collection":[{"href":"https:\/\/www.alavus-toysarhy.fi\/index.php?rest_route=\/wp\/v2\/pages"}],"about":[{"href":"https:\/\/www.alavus-toysarhy.fi\/index.php?rest_route=\/wp\/v2\/types\/page"}],"author":[{"embeddable":true,"href":"https:\/\/www.alavus-toysarhy.fi\/index.php?rest_route=\/wp\/v2\/users\/2"}],"replies":[{"embeddable":true,"href":"https:\/\/www.alavus-toysarhy.fi\/index.php?rest_route=%2Fwp%2Fv2%2Fcomments&post=54"}],"version-history":[{"count":11,"href":"https:\/\/www.alavus-toysarhy.fi\/index.php?rest_route=\/wp\/v2\/pages\/54\/revisions"}],"predecessor-version":[{"id":694,"href":"https:\/\/www.alavus-toysarhy.fi\/index.php?rest_route=\/wp\/v2\/pages\/54\/revisions\/694"}],"wp:attachment":[{"href":"https:\/\/www.alavus-toysarhy.fi\/index.php?rest_route=%2Fwp%2Fv2%2Fmedia&parent=54"}],"curies":[{"name":"wp","href":"https:\/\/api.w.org\/{rel}","templated":true}]}}