{"id":66,"date":"2019-12-29T01:56:18","date_gmt":"2019-12-28T23:56:18","guid":{"rendered":"http:\/\/testi.koiratuotteet.fi\/?page_id=66"},"modified":"2026-02-09T19:03:17","modified_gmt":"2026-02-09T17:03:17","slug":"hallitus","status":"publish","type":"page","link":"https:\/\/www.alavus-toysarhy.fi\/?page_id=66","title":{"rendered":"Hallitus"},"content":{"rendered":"<p><strong>Alavus T\u00f6ys\u00e4 RHY:n hallitus:<\/strong><\/p>\n<table border=\"0\">\n<tbody>\n<tr>\n<td>pj. Jukka M\u00e4ki<\/td>\n<td>varalla Pertti Julku<\/td>\n<td>toimikausi 2024-2026<\/td>\n<\/tr>\n<tr>\n<td>varap. Timo Vet\u00e4m\u00e4j\u00e4rvi<\/td>\n<td>varalla Harri Runnakko<\/td>\n<td>toimikausi 2025-2027<\/td>\n<\/tr>\n<tr>\n<td>j\u00e4sen. Mika Saarim\u00e4ki<\/td>\n<td>varalla Matti Reinikka<\/td>\n<td>toimikausi 2024-2026<\/td>\n<\/tr>\n<tr>\n<td>j\u00e4sen Vesa M\u00e4kynen<\/td>\n<td>varalla Janne Kontola<\/td>\n<td>toimikausi 2026-2028<\/td>\n<\/tr>\n<tr>\n<td>j\u00e4sen.Tero V\u00e4liaho<\/td>\n<td>varalla Markku Pienim\u00e4ki<\/td>\n<td>toimikausi 2026-2028<\/td>\n<\/tr>\n<tr>\n<td>j\u00e4sen. Marko Hautala<\/td>\n<td>varalla Horst-Sanders Kahre<\/td>\n<td>toimikausi 2025-2027<\/td>\n<\/tr>\n<tr>\n<td>j\u00e4sen. Jussi Haakana<\/td>\n<td>varalla Juha Kalliovaara<\/td>\n<td>toimikausi 2024-2026<\/td>\n<\/tr>\n<tr>\n<td>J\u00e4sen Mauri Rapo<\/td>\n<td>varalla Pertti Palom\u00e4ki<\/td>\n<td>toimikausi 2025-2027<\/td>\n<\/tr>\n<tr>\n<td>Maanomistajaj\u00e4rjest\u00f6j\u00e4<br \/>edustava j\u00e4sen Timo Hietaniemi<\/td>\n<td>varalla Esa M\u00e4kineste<\/td>\n<td>toimikausi 2024-2026<\/td>\n<\/tr>\n<tr>\n<td>Toiminnanohjaaja Marko Valkealahti<\/td>\n<td>\u00a0<\/td>\n<td>toimikausi 2024-2026<\/td>\n<\/tr>\n<\/tbody>\n<\/table>\n\n\n<p><\/p>\n","protected":false},"excerpt":{"rendered":"<p>Alavus T\u00f6ys\u00e4 RHY:n hallitus: pj. Jukka M\u00e4ki varalla Pertti Julku toimikausi 2024-2026 varap. Timo Vet\u00e4m\u00e4j\u00e4rvi varalla Harri Runnakko toimikausi 2025-2027 j\u00e4sen. Mika Saarim\u00e4ki varalla Matti Reinikka toimikausi 2024-2026 j\u00e4sen Vesa M\u00e4kynen varalla Janne Kontola toimikausi 2026-2028 j\u00e4sen.Tero V\u00e4liaho varalla Markku Pienim\u00e4ki toimikausi 2026-2028 j\u00e4sen. Marko Hautala varalla Horst-Sanders Kahre toimikausi 2025-2027 j\u00e4sen. Jussi Haakana varalla &hellip; <a href=\"https:\/\/www.alavus-toysarhy.fi\/?page_id=66\" class=\"more-link\">Jatka lukemista <span class=\"screen-reader-text\">Hallitus<\/span> <span class=\"meta-nav\">&rarr;<\/span><\/a><\/p>\n","protected":false},"author":2,"featured_media":0,"parent":62,"menu_order":0,"comment_status":"closed","ping_status":"closed","template":"","meta":{"ngg_post_thumbnail":0,"footnotes":""},"class_list":["post-66","page","type-page","status-publish","hentry"],"_links":{"self":[{"href":"https:\/\/www.alavus-toysarhy.fi\/index.php?rest_route=\/wp\/v2\/pages\/66","targetHints":{"allow":["GET"]}}],"collection":[{"href":"https:\/\/www.alavus-toysarhy.fi\/index.php?rest_route=\/wp\/v2\/pages"}],"about":[{"href":"https:\/\/www.alavus-toysarhy.fi\/index.php?rest_route=\/wp\/v2\/types\/page"}],"author":[{"embeddable":true,"href":"https:\/\/www.alavus-toysarhy.fi\/index.php?rest_route=\/wp\/v2\/users\/2"}],"replies":[{"embeddable":true,"href":"https:\/\/www.alavus-toysarhy.fi\/index.php?rest_route=%2Fwp%2Fv2%2Fcomments&post=66"}],"version-history":[{"count":14,"href":"https:\/\/www.alavus-toysarhy.fi\/index.php?rest_route=\/wp\/v2\/pages\/66\/revisions"}],"predecessor-version":[{"id":701,"href":"https:\/\/www.alavus-toysarhy.fi\/index.php?rest_route=\/wp\/v2\/pages\/66\/revisions\/701"}],"up":[{"embeddable":true,"href":"https:\/\/www.alavus-toysarhy.fi\/index.php?rest_route=\/wp\/v2\/pages\/62"}],"wp:attachment":[{"href":"https:\/\/www.alavus-toysarhy.fi\/index.php?rest_route=%2Fwp%2Fv2%2Fmedia&parent=66"}],"curies":[{"name":"wp","href":"https:\/\/api.w.org\/{rel}","templated":true}]}}