{"id":68,"date":"2019-12-29T01:56:49","date_gmt":"2019-12-28T23:56:49","guid":{"rendered":"http:\/\/testi.koiratuotteet.fi\/?page_id=68"},"modified":"2026-03-30T23:49:51","modified_gmt":"2026-03-30T20:49:51","slug":"metsastyksenvalvojat","status":"publish","type":"page","link":"https:\/\/www.alavus-toysarhy.fi\/?page_id=68","title":{"rendered":"Mets\u00e4styksenvalvojat"},"content":{"rendered":"<p><strong>Alavus-T\u00f6ys\u00e4 Rhy:n mets\u00e4styksenvalvojat:<\/strong><\/p>\n<table style=\"height: 198px;\" border=\"0\" width=\"649\">\n<tbody>\n<tr>\n<td>Juha Hautam\u00e4ki<\/td>\n<td>\u00a0 Riihikuja 4, 63300 Alavus<\/td>\n<td>041-5074090\u00a0\u00a0<\/td>\n<td>\u00a0juha.hautamaki@gmail.com<\/td>\n<\/tr>\n<tr>\n<td>Eero Myllykoski<\/td>\n<td>Matinjuntu 4, 63300 Alavus<\/td>\n<td>\u00a0040-7403155<\/td>\n<td>eeromyllykoski55@gmail.com<\/td>\n<\/tr>\n<tr>\n<td>Rami Raitanen<\/td>\n<td>\u00a0<\/td>\n<td>040-5610199<\/td>\n<td>ramirai65@gmail.com<\/td>\n<\/tr>\n<tr>\n<td>Mauri Rapo<\/td>\n<td>\u00a0\u00a0Luomantie 11, 63300 Alavus<\/td>\n<td>0400-568835<\/td>\n<td>mauri.rapo@pp.inet.fi<\/td>\n<\/tr>\n<tr>\n<td>\u00a0<\/td>\n<td>\u00a0<\/td>\n<td>\u00a0<\/td>\n<td>\u00a0<\/td>\n<\/tr>\n<tr>\n<td>\u00a0<\/td>\n<td>\u00a0<\/td>\n<td>\u00a0<\/td>\n<td>\u00a0<\/td>\n<\/tr>\n<tr>\n<td>\u00a0<\/td>\n<td>\u00a0<\/td>\n<td>\u00a0<\/td>\n<td>\u00a0<\/td>\n<\/tr>\n<tr>\n<td>\u00a0<\/td>\n<td>\u00a0<\/td>\n<td>\u00a0<\/td>\n<td>\u00a0<\/td>\n<\/tr>\n<\/tbody>\n<\/table>\n\n\n<p><\/p>\n","protected":false},"excerpt":{"rendered":"<p>Alavus-T\u00f6ys\u00e4 Rhy:n mets\u00e4styksenvalvojat: Juha Hautam\u00e4ki \u00a0 Riihikuja 4, 63300 Alavus 041-5074090\u00a0\u00a0 \u00a0juha.hautamaki@gmail.com Eero Myllykoski Matinjuntu 4, 63300 Alavus \u00a0040-7403155 eeromyllykoski55@gmail.com Rami Raitanen \u00a0 040-5610199 ramirai65@gmail.com Mauri Rapo \u00a0\u00a0Luomantie 11, 63300 Alavus 0400-568835 mauri.rapo@pp.inet.fi \u00a0 \u00a0 \u00a0 \u00a0 \u00a0 \u00a0 \u00a0 \u00a0 \u00a0 \u00a0 \u00a0 \u00a0 \u00a0 \u00a0 \u00a0 \u00a0<\/p>\n","protected":false},"author":2,"featured_media":0,"parent":62,"menu_order":0,"comment_status":"closed","ping_status":"closed","template":"","meta":{"ngg_post_thumbnail":0,"footnotes":""},"class_list":["post-68","page","type-page","status-publish","hentry"],"_links":{"self":[{"href":"https:\/\/www.alavus-toysarhy.fi\/index.php?rest_route=\/wp\/v2\/pages\/68","targetHints":{"allow":["GET"]}}],"collection":[{"href":"https:\/\/www.alavus-toysarhy.fi\/index.php?rest_route=\/wp\/v2\/pages"}],"about":[{"href":"https:\/\/www.alavus-toysarhy.fi\/index.php?rest_route=\/wp\/v2\/types\/page"}],"author":[{"embeddable":true,"href":"https:\/\/www.alavus-toysarhy.fi\/index.php?rest_route=\/wp\/v2\/users\/2"}],"replies":[{"embeddable":true,"href":"https:\/\/www.alavus-toysarhy.fi\/index.php?rest_route=%2Fwp%2Fv2%2Fcomments&post=68"}],"version-history":[{"count":7,"href":"https:\/\/www.alavus-toysarhy.fi\/index.php?rest_route=\/wp\/v2\/pages\/68\/revisions"}],"predecessor-version":[{"id":725,"href":"https:\/\/www.alavus-toysarhy.fi\/index.php?rest_route=\/wp\/v2\/pages\/68\/revisions\/725"}],"up":[{"embeddable":true,"href":"https:\/\/www.alavus-toysarhy.fi\/index.php?rest_route=\/wp\/v2\/pages\/62"}],"wp:attachment":[{"href":"https:\/\/www.alavus-toysarhy.fi\/index.php?rest_route=%2Fwp%2Fv2%2Fmedia&parent=68"}],"curies":[{"name":"wp","href":"https:\/\/api.w.org\/{rel}","templated":true}]}}