{"id":72,"date":"2019-12-29T01:58:00","date_gmt":"2019-12-28T23:58:00","guid":{"rendered":"http:\/\/testi.koiratuotteet.fi\/?page_id=72"},"modified":"2026-02-07T11:24:52","modified_gmt":"2026-02-07T09:24:52","slug":"kokouksien-poytakirjat","status":"publish","type":"page","link":"https:\/\/www.alavus-toysarhy.fi\/?page_id=72","title":{"rendered":"Kokouksien p\u00f6yt\u00e4kirjat"},"content":{"rendered":"<p><a title=\"Vuosikokous 2026 p\u00f6yt\u00e4kirja\" href=\"https:\/\/www.alavus-toysarhy.fi\/wp-content\/uploads\/2026\/02\/Rhy-vuosikokous-poytakirja-2026.pdf\" target=\"_blank\" rel=\"noopener noreferrer\">Vuosikokous 2026 p\u00f6yt\u00e4kirja<\/a><\/p>\n<p><a title=\"Vuosikokous 2025 p\u00f6yt\u00e4kirja\" href=\"https:\/\/www.alavus-toysarhy.fi\/wp-content\/uploads\/2025\/02\/Rhy-vuosikokous-poytakirja-2025.pdf\" target=\"_blank\" rel=\"noopener noreferrer\">Vuosikokous 2025 p\u00f6yt\u00e4kirja<\/a><\/p>\n<p><a title=\"Vuosikokous 2024 p\u00f6yt\u00e4kirja\" href=\"https:\/\/www.alavus-toysarhy.fi\/wp-content\/uploads\/2024\/02\/Rhy-vuosikokous-poytakirja-2024.pdf\" target=\"_blank\" rel=\"noopener noreferrer\">Vuosikokous 2024 p\u00f6yt\u00e4kirja<\/a><\/p>\n<p><a title=\"Vuosikokous 2023 p\u00f6yt\u00e4kirja\" href=\"https:\/\/www.alavus-toysarhy.fi\/wp-content\/uploads\/2023\/02\/Poytakirja2023.pdf\" target=\"_blank\" rel=\"noopener noreferrer\">Vuosikokous 2023 p\u00f6yt\u00e4kirja<\/a><\/p>\n<p><a title=\"Vuosikokous 2022 p\u00f6yt\u00e4kirja\" href=\"https:\/\/www.alavus-toysarhy.fi\/wp-content\/uploads\/2022\/02\/Rhy_vuosikokouksen-Poytakirja-2022.pdf\" target=\"_blank\" rel=\"noopener noreferrer\">Vuosikokous 2022 p\u00f6yt\u00e4kirja<\/a><\/p>\n<p><a title=\"Vuosikokous 2021 p\u00f6yt\u00e4kirja\" href=\"https:\/\/www.alavus-toysarhy.fi\/wp-content\/uploads\/2021\/07\/Rhy_vuosikokouksen-2021-poytakirja.pdf\" target=\"_blank\" rel=\"noopener noreferrer\">Vuosikokous 2021 p\u00f6yt\u00e4kirja<\/a><\/p>\n<p><a title=\"Vuosikokous 2020 p\u00f6yt\u00e4kirja\" href=\"https:\/\/www.alavus-toysarhy.fi\/wp-content\/uploads\/2020\/03\/Vuosikokouksen-2020-p\u00f6yt\u00e4kirja.pdf\" target=\"_blank\" rel=\"noopener noreferrer\">Vuosikokous 2020 p\u00f6yt\u00e4kirja<\/a><\/p>\n<p><a title=\"Vuosikokous 2019 p\u00f6yt\u00e4kirja\" href=\"https:\/\/www.alavus-toysarhy.fi\/wp-content\/uploads\/2019\/12\/VUOSIKOKOUSPOYTAKIRJA.pdf\" target=\"_blank\" rel=\"noopener noreferrer\">Vuosikokous 2019 p\u00f6yt\u00e4kirja<\/a><\/p>\n","protected":false},"excerpt":{"rendered":"<p>Vuosikokous 2026 p\u00f6yt\u00e4kirja Vuosikokous 2025 p\u00f6yt\u00e4kirja Vuosikokous 2024 p\u00f6yt\u00e4kirja Vuosikokous 2023 p\u00f6yt\u00e4kirja Vuosikokous 2022 p\u00f6yt\u00e4kirja Vuosikokous 2021 p\u00f6yt\u00e4kirja Vuosikokous 2020 p\u00f6yt\u00e4kirja Vuosikokous 2019 p\u00f6yt\u00e4kirja<\/p>\n","protected":false},"author":2,"featured_media":0,"parent":62,"menu_order":0,"comment_status":"closed","ping_status":"closed","template":"","meta":{"ngg_post_thumbnail":0,"footnotes":""},"class_list":["post-72","page","type-page","status-publish","hentry"],"_links":{"self":[{"href":"https:\/\/www.alavus-toysarhy.fi\/index.php?rest_route=\/wp\/v2\/pages\/72","targetHints":{"allow":["GET"]}}],"collection":[{"href":"https:\/\/www.alavus-toysarhy.fi\/index.php?rest_route=\/wp\/v2\/pages"}],"about":[{"href":"https:\/\/www.alavus-toysarhy.fi\/index.php?rest_route=\/wp\/v2\/types\/page"}],"author":[{"embeddable":true,"href":"https:\/\/www.alavus-toysarhy.fi\/index.php?rest_route=\/wp\/v2\/users\/2"}],"replies":[{"embeddable":true,"href":"https:\/\/www.alavus-toysarhy.fi\/index.php?rest_route=%2Fwp%2Fv2%2Fcomments&post=72"}],"version-history":[{"count":13,"href":"https:\/\/www.alavus-toysarhy.fi\/index.php?rest_route=\/wp\/v2\/pages\/72\/revisions"}],"predecessor-version":[{"id":696,"href":"https:\/\/www.alavus-toysarhy.fi\/index.php?rest_route=\/wp\/v2\/pages\/72\/revisions\/696"}],"up":[{"embeddable":true,"href":"https:\/\/www.alavus-toysarhy.fi\/index.php?rest_route=\/wp\/v2\/pages\/62"}],"wp:attachment":[{"href":"https:\/\/www.alavus-toysarhy.fi\/index.php?rest_route=%2Fwp%2Fv2%2Fmedia&parent=72"}],"curies":[{"name":"wp","href":"https:\/\/api.w.org\/{rel}","templated":true}]}}