{"id":76,"date":"2019-12-29T02:00:10","date_gmt":"2019-12-29T00:00:10","guid":{"rendered":"http:\/\/testi.koiratuotteet.fi\/?page_id=76"},"modified":"2019-12-29T02:00:10","modified_gmt":"2019-12-29T00:00:10","slug":"linkit","status":"publish","type":"page","link":"https:\/\/www.alavus-toysarhy.fi\/?page_id=76","title":{"rendered":"Linkit"},"content":{"rendered":"<p><a title=\"http:\/\/www.alavudenmetsastysseura.fi\/\" href=\"http:\/\/www.alavudenmetsastysseura.fi\/\" target=\"_blank\" rel=\"noopener noreferrer\">Alavuden mets\u00e4stysseura ry<\/a><br \/>\n<a title=\" http:\/\/www.lansipuolenms.net\/\" href=\"http:\/\/www.lansipuolenms.net\/\" target=\"_blank\" rel=\"noopener noreferrer\">L\u00e4nsipuolen mets\u00e4stysseura ry<\/a><br \/>\n<a title=\"http:\/\/niinimaanmetsastysseura.omasivu.fi\/\" href=\"http:\/\/niinimaanmetsastysseura.omasivu.fi\/\" target=\"_blank\" rel=\"noopener noreferrer\">Niinimaan mets\u00e4stysseura ry<\/a><br \/>\n<a title=\"http:\/\/rantatoysa.fi\/\" href=\"http:\/\/rantatoysa.fi\/\" target=\"_blank\" rel=\"noopener noreferrer\">Rantat\u00f6ys\u00e4n mets\u00e4stysseura ry<\/a><br \/>\n<a title=\"http:\/\/www.sulkavankylanmetsastysseura.com\/\" href=\"http:\/\/www.sulkavankylanmetsastysseura.com\/\" target=\"_blank\" rel=\"noopener noreferrer\">Sulkavankyl\u00e4n mets\u00e4stysseura ry<\/a><br \/>\n<a title=\"http:\/\/www.toysanmetsastysseura.net\/\" href=\"http:\/\/www.toysanmetsastysseura.net\/\" target=\"_blank\" rel=\"noopener noreferrer\">T\u00f6ys\u00e4n mets\u00e4stysseura ry <\/a><br \/>\n<a title=\"http:\/\/riista.fi\/riistahallinto\/alueet-ja-toimipisteet\/pohjanmaa\/\" href=\"http:\/\/riista.fi\/riistahallinto\/alueet-ja-toimipisteet\/pohjanmaa\/\" target=\"_blank\" rel=\"noopener noreferrer\">Suomen riistakeskus Pohjanmaa <\/a><br \/>\n<a title=\"http:\/\/www.finlex.fi\/fi\/laki\/ajantasa\/1993\/19930615\" href=\"http:\/\/www.finlex.fi\/fi\/laki\/ajantasa\/1993\/19930615\" target=\"_blank\" rel=\"noopener noreferrer\">Finlex\/Mets\u00e4styslaki<\/a><br \/>\n<a title=\"http:\/\/www.finlex.fi\/fi\/laki\/ajantasa\/1993\/19930666#a11.4.2013-270http:\/\/\" href=\"http:\/\/www.finlex.fi\/fi\/laki\/ajantasa\/1993\/19930666#a11.4.2013-270http:\/\/\" target=\"_blank\" rel=\"noopener noreferrer\">Finlex\/Mets\u00e4stysasetus<\/a><br \/>\n<a title=\"http:\/\/www.metsastajaliitto.fi\/\" href=\"http:\/\/www.metsastajaliitto.fi\/\" target=\"_blank\" rel=\"noopener noreferrer\">Suomen mets\u00e4st\u00e4j\u00e4liitto<\/a><br \/>\n<a title=\"http:\/\/www.mmm.fi\/fi\/index\/etusivu.html\" href=\"http:\/\/www.mmm.fi\/fi\/index\/etusivu.html\" target=\"_blank\" rel=\"noopener noreferrer\">Maa- ja mets\u00e4talousministeri\u00f6 <\/a><br \/>\n<a title=\"http:\/\/www.luke.fi\/\" href=\"http:\/\/www.luke.fi\/\" target=\"_blank\" rel=\"noopener noreferrer\">Luonnonvarakeskus<\/a><br \/>\n<a title=\"http:\/\/www.metsa.fi\/sivustot\/metsa\/fi\/Sivut\/Etusivu.aspx\" href=\"http:\/\/www.metsa.fi\/sivustot\/metsa\/fi\/Sivut\/Etusivu.aspx\" target=\"_blank\" rel=\"noopener noreferrer\">Mets\u00e4hallitus<\/a><br \/>\n<a title=\"http:\/\/www.maanmittauslaitos.fi\/kartat\" href=\"http:\/\/www.maanmittauslaitos.fi\/kartat\" target=\"_blank\" rel=\"noopener noreferrer\">Karttapaikka<\/a><br \/>\n<a title=\"http:\/\/www.retkikartta.fi\/\" href=\"http:\/\/www.retkikartta.fi\/\" target=\"_blank\" rel=\"noopener noreferrer\">Retkikartta.Fi <\/a><br \/>\n<a title=\"http:\/\/www.alavus.fi\/\" href=\"http:\/\/www.alavus.fi\/\" target=\"_blank\" rel=\"noopener noreferrer\">Alavuden kaupunki<\/a><br \/>\n<a title=\"http:\/\/www.etela-pohjanmaan.kennelpiiri.fi\/fi\" href=\"http:\/\/www.etela-pohjanmaan.kennelpiiri.fi\/fi\" target=\"_blank\" rel=\"noopener noreferrer\">Etel\u00e4-Pohjanmaan kennelpiiri ry<\/a><br \/>\n<a title=\"http:\/\/www.kimmonkonepaja.fi\/\" href=\"http:\/\/www.kimmonkonepaja.fi\/\" target=\"_blank\" rel=\"noopener noreferrer\">Kimmon Konepaja<\/a><br \/>\n<a title=\"http:\/\/www.pollarinmetsastysseura.fi\/\" href=\"http:\/\/www.pollarinmetsastysseura.fi\/\" target=\"_blank\" rel=\"noopener noreferrer\">Pollarin mets\u00e4stysseura<\/a><\/p>\n","protected":false},"excerpt":{"rendered":"<p>Alavuden mets\u00e4stysseura ry L\u00e4nsipuolen mets\u00e4stysseura ry Niinimaan mets\u00e4stysseura ry Rantat\u00f6ys\u00e4n mets\u00e4stysseura ry Sulkavankyl\u00e4n mets\u00e4stysseura ry T\u00f6ys\u00e4n mets\u00e4stysseura ry Suomen riistakeskus Pohjanmaa Finlex\/Mets\u00e4styslaki Finlex\/Mets\u00e4stysasetus Suomen mets\u00e4st\u00e4j\u00e4liitto Maa- ja mets\u00e4talousministeri\u00f6 Luonnonvarakeskus Mets\u00e4hallitus Karttapaikka Retkikartta.Fi Alavuden kaupunki Etel\u00e4-Pohjanmaan kennelpiiri ry Kimmon Konepaja Pollarin mets\u00e4stysseura<\/p>\n","protected":false},"author":2,"featured_media":0,"parent":0,"menu_order":0,"comment_status":"closed","ping_status":"closed","template":"","meta":{"ngg_post_thumbnail":0,"footnotes":""},"class_list":["post-76","page","type-page","status-publish","hentry"],"_links":{"self":[{"href":"https:\/\/www.alavus-toysarhy.fi\/index.php?rest_route=\/wp\/v2\/pages\/76","targetHints":{"allow":["GET"]}}],"collection":[{"href":"https:\/\/www.alavus-toysarhy.fi\/index.php?rest_route=\/wp\/v2\/pages"}],"about":[{"href":"https:\/\/www.alavus-toysarhy.fi\/index.php?rest_route=\/wp\/v2\/types\/page"}],"author":[{"embeddable":true,"href":"https:\/\/www.alavus-toysarhy.fi\/index.php?rest_route=\/wp\/v2\/users\/2"}],"replies":[{"embeddable":true,"href":"https:\/\/www.alavus-toysarhy.fi\/index.php?rest_route=%2Fwp%2Fv2%2Fcomments&post=76"}],"version-history":[{"count":1,"href":"https:\/\/www.alavus-toysarhy.fi\/index.php?rest_route=\/wp\/v2\/pages\/76\/revisions"}],"predecessor-version":[{"id":77,"href":"https:\/\/www.alavus-toysarhy.fi\/index.php?rest_route=\/wp\/v2\/pages\/76\/revisions\/77"}],"wp:attachment":[{"href":"https:\/\/www.alavus-toysarhy.fi\/index.php?rest_route=%2Fwp%2Fv2%2Fmedia&parent=76"}],"curies":[{"name":"wp","href":"https:\/\/api.w.org\/{rel}","templated":true}]}}